{"id":419,"date":"2020-02-26T06:25:18","date_gmt":"2020-02-26T06:25:18","guid":{"rendered":"http:\/\/sotranslations.com\/?page_id=419"},"modified":"2020-10-18T15:57:00","modified_gmt":"2020-10-18T15:57:00","slug":"hizmetlerimiz","status":"publish","type":"page","link":"http:\/\/sotranslations.com\/en\/hizmetlerimiz","title":{"rendered":"Services"},"content":{"rendered":"<div data-elementor-type=\"wp-page\" data-elementor-id=\"419\" class=\"elementor elementor-419\" data-elementor-settings=\"[]\">\n\t\t\t\t\t\t<div class=\"elementor-inner\">\n\t\t\t\t\t\t\t<div class=\"elementor-section-wrap\">\n\t\t\t\t\t\t\t<section class=\"elementor-section elementor-top-section elementor-element elementor-element-b3421e8 elementor-section-boxed elementor-section-height-default elementor-section-height-default\" data-id=\"b3421e8\" data-element_type=\"section\">\n\t\t\t\t\t\t<div class=\"elementor-container elementor-column-gap-default\">\n\t\t\t\t\t\t\t<div class=\"elementor-row\">\n\t\t\t\t\t<div class=\"elementor-column elementor-col-100 elementor-top-column elementor-element elementor-element-8963bf5\" data-id=\"8963bf5\" data-element_type=\"column\">\n\t\t\t<div class=\"elementor-column-wrap elementor-element-populated\">\n\t\t\t\t\t\t\t<div class=\"elementor-widget-wrap\">\n\t\t\t\t\t\t<div class=\"elementor-element elementor-element-8e48e16 elementor-widget elementor-widget-autrics-title\" data-id=\"8e48e16\" data-element_type=\"widget\" data-widget_type=\"autrics-title.default\">\n\t\t\t\t<div class=\"elementor-widget-container\">\n\t\t\t              <div class=\"title-section-area\">\n\t           <h2 class=\"section-title\">\n                  Services\t\t\t   <\/h2>\n      <\/div><!-- Section title -->\t\t\n       \n      \n    \t\t<\/div>\n\t\t\t\t<\/div>\n\t\t\t\t<div class=\"elementor-element elementor-element-2db5d88 elementor-widget elementor-widget-autrics-service\" data-id=\"2db5d88\" data-element_type=\"widget\" data-widget_type=\"autrics-service.default\">\n\t\t\t\t<div class=\"elementor-widget-container\">\n\t\t\t  \n             \n        <div data-nav=\"1\" class=\"service-carousel owl-carousel\">\n                                         <div class=\"ts-service-wrapper\">\n                                            <span class=\"service-img\">\n                        <a href=\"http:\/\/sotranslations.com\/en\/service\/akademik-okuma\">\n                           <img class=\"img-fluid\" src=\"http:\/\/sotranslations.com\/wp-content\/uploads\/2020\/10\/academicreading-1024x683.jpg\" alt=\"thumbnail\">\n                        <\/a>   \n                        <\/span> <!-- Service Img end -->\n                      \n                     <div class=\"service-content\">\n                       \n                        <h3 class=\"ts-service-title\">\n                            <a href=\"http:\/\/sotranslations.com\/en\/service\/akademik-okuma\">Academic Reading                            <\/a>\n                        <\/h3>\n                                                    <p> \n                                 \n                            <\/p>\n                         \n                         \n     \n                     <\/div> <!-- Service content end -->\n               <\/div> <!-- Service wrapper end -->\n               \n                                      <div class=\"ts-service-wrapper\">\n                                            <span class=\"service-img\">\n                        <a href=\"http:\/\/sotranslations.com\/en\/service\/tip-cevirisi\">\n                           <img class=\"img-fluid\" src=\"http:\/\/sotranslations.com\/wp-content\/uploads\/2020\/10\/medical.gif\" alt=\"thumbnail\">\n                        <\/a>   \n                        <\/span> <!-- Service Img end -->\n                      \n                     <div class=\"service-content\">\n                       \n                        <h3 class=\"ts-service-title\">\n                            <a href=\"http:\/\/sotranslations.com\/en\/service\/tip-cevirisi\">Medical Translation                            <\/a>\n                        <\/h3>\n                                                    <p> \n                                 \n                            <\/p>\n                         \n                         \n     \n                     <\/div> <!-- Service content end -->\n               <\/div> <!-- Service wrapper end -->\n               \n                                      <div class=\"ts-service-wrapper\">\n                                            <span class=\"service-img\">\n                        <a href=\"http:\/\/sotranslations.com\/en\/service\/teknik-ceviri\">\n                           <img class=\"img-fluid\" src=\"http:\/\/sotranslations.com\/wp-content\/uploads\/2020\/10\/technic.jpg\" alt=\"thumbnail\">\n                        <\/a>   \n                        <\/span> <!-- Service Img end -->\n                      \n                     <div class=\"service-content\">\n                       \n                        <h3 class=\"ts-service-title\">\n                            <a href=\"http:\/\/sotranslations.com\/en\/service\/teknik-ceviri\">Technical Translation                            <\/a>\n                        <\/h3>\n                                                    <p> \n                                 \n                            <\/p>\n                         \n                         \n     \n                     <\/div> <!-- Service content end -->\n               <\/div> <!-- Service wrapper end -->\n               \n                                      <div class=\"ts-service-wrapper\">\n                                            <span class=\"service-img\">\n                        <a href=\"http:\/\/sotranslations.com\/en\/service\/akademik-ceviri\">\n                           <img class=\"img-fluid\" src=\"http:\/\/sotranslations.com\/wp-content\/uploads\/2020\/02\/academic-translation-1.jpg\" alt=\"thumbnail\">\n                        <\/a>   \n                        <\/span> <!-- Service Img end -->\n                      \n                     <div class=\"service-content\">\n                       \n                        <h3 class=\"ts-service-title\">\n                            <a href=\"http:\/\/sotranslations.com\/en\/service\/akademik-ceviri\">Academic Translation                            <\/a>\n                        <\/h3>\n                                                    <p> \n                                 \n                            <\/p>\n                         \n                         \n     \n                     <\/div> <!-- Service content end -->\n               <\/div> <!-- Service wrapper end -->\n               \n                                      <div class=\"ts-service-wrapper\">\n                                            <span class=\"service-img\">\n                        <a href=\"http:\/\/sotranslations.com\/en\/service\/hukuk-cevirisi\">\n                           <img class=\"img-fluid\" src=\"http:\/\/sotranslations.com\/wp-content\/uploads\/2020\/02\/hukuki-1024x683.jpg\" alt=\"thumbnail\">\n                        <\/a>   \n                        <\/span> <!-- Service Img end -->\n                      \n                     <div class=\"service-content\">\n                       \n                        <h3 class=\"ts-service-title\">\n                            <a href=\"http:\/\/sotranslations.com\/en\/service\/hukuk-cevirisi\">Legal Translation                            <\/a>\n                        <\/h3>\n                                                    <p> \n                                 \n                            <\/p>\n                         \n                         \n     \n                     <\/div> <!-- Service content end -->\n               <\/div> <!-- Service wrapper end -->\n               \n                                      <div class=\"ts-service-wrapper\">\n                                            <span class=\"service-img\">\n                        <a href=\"http:\/\/sotranslations.com\/en\/service\/internet-sitesi-cevirisi\">\n                           <img class=\"img-fluid\" src=\"http:\/\/sotranslations.com\/wp-content\/uploads\/2020\/02\/internet-sitesi-cevirisi-4-1024x683.jpg\" alt=\"thumbnail\">\n                        <\/a>   \n                        <\/span> <!-- Service Img end -->\n                      \n                     <div class=\"service-content\">\n                       \n                        <h3 class=\"ts-service-title\">\n                            <a href=\"http:\/\/sotranslations.com\/en\/service\/internet-sitesi-cevirisi\">Website Translation                            <\/a>\n                        <\/h3>\n                                                    <p> \n                                 \n                            <\/p>\n                         \n                         \n     \n                     <\/div> <!-- Service content end -->\n               <\/div> <!-- Service wrapper end -->\n               \n                                      <div class=\"ts-service-wrapper\">\n                                            <span class=\"service-img\">\n                        <a href=\"http:\/\/sotranslations.com\/en\/service\/konusarak-ogrenme\">\n                           <img class=\"img-fluid\" src=\"http:\/\/sotranslations.com\/wp-content\/uploads\/2020\/02\/happypeople.jpg\" alt=\"thumbnail\">\n                        <\/a>   \n                        <\/span> <!-- Service Img end -->\n                      \n                     <div class=\"service-content\">\n                       \n                        <h3 class=\"ts-service-title\">\n                            <a href=\"http:\/\/sotranslations.com\/en\/service\/konusarak-ogrenme\">Learn By Speaking                            <\/a>\n                        <\/h3>\n                                                    <p> \n                                 \n                            <\/p>\n                         \n                         \n     \n                     <\/div> <!-- Service content end -->\n               <\/div> <!-- Service wrapper end -->\n               \n                                      <div class=\"ts-service-wrapper\">\n                                            <span class=\"service-img\">\n                        <a href=\"http:\/\/sotranslations.com\/en\/service\/kurumsal-ceviri\">\n                           <img class=\"img-fluid\" src=\"http:\/\/sotranslations.com\/wp-content\/uploads\/2020\/02\/corparate.jpg\" alt=\"thumbnail\">\n                        <\/a>   \n                        <\/span> <!-- Service Img end -->\n                      \n                     <div class=\"service-content\">\n                       \n                        <h3 class=\"ts-service-title\">\n                            <a href=\"http:\/\/sotranslations.com\/en\/service\/kurumsal-ceviri\">Corporate Translation                            <\/a>\n                        <\/h3>\n                                                    <p> \n                                 \n                            <\/p>\n                         \n                         \n     \n                     <\/div> <!-- Service content end -->\n               <\/div> <!-- Service wrapper end -->\n               \n                                      <div class=\"ts-service-wrapper\">\n                                            <span class=\"service-img\">\n                        <a href=\"http:\/\/sotranslations.com\/en\/service\/resmi-belge-cevirisi\">\n                           <img class=\"img-fluid\" src=\"http:\/\/sotranslations.com\/wp-content\/uploads\/2020\/02\/official-1024x683.jpeg\" alt=\"thumbnail\">\n                        <\/a>   \n                        <\/span> <!-- Service Img end -->\n                      \n                     <div class=\"service-content\">\n                       \n                        <h3 class=\"ts-service-title\">\n                            <a href=\"http:\/\/sotranslations.com\/en\/service\/resmi-belge-cevirisi\">Official Document Translation                            <\/a>\n                        <\/h3>\n                                                    <p> \n                                 \n                            <\/p>\n                         \n                         \n     \n                     <\/div> <!-- Service content end -->\n               <\/div> <!-- Service wrapper end -->\n               \n               \n      <\/div><!-- Row end -->    \n         \n\n        \n\n     \n\n\n      \n   \t\t<\/div>\n\t\t\t\t<\/div>\n\t\t\t\t\t\t<\/div>\n\t\t\t\t\t<\/div>\n\t\t<\/div>\n\t\t\t\t\t\t\t\t<\/div>\n\t\t\t\t\t<\/div>\n\t\t<\/section>\n\t\t\t\t\t\t<\/div>\n\t\t\t\t\t\t<\/div>\n\t\t\t\t\t<\/div>","protected":false},"excerpt":{"rendered":"<p>Hizmetlerimiz Akademik Okuma T\u0131p \u00c7evirisi Teknik \u00c7eviri Akademik \u00c7eviri Hukuk \u00c7evirisi \u0130nternet Sitesi \u00c7evirisi Konu\u015farak \u00d6\u011frenme Kurumsal \u00c7eviri Resmi Belge \u00c7evirisi<\/p>","protected":false},"author":1,"featured_media":0,"parent":0,"menu_order":0,"comment_status":"closed","ping_status":"closed","template":"template\/full-width-template.php","meta":[],"_links":{"self":[{"href":"http:\/\/sotranslations.com\/en\/wp-json\/wp\/v2\/pages\/419"}],"collection":[{"href":"http:\/\/sotranslations.com\/en\/wp-json\/wp\/v2\/pages"}],"about":[{"href":"http:\/\/sotranslations.com\/en\/wp-json\/wp\/v2\/types\/page"}],"author":[{"embeddable":true,"href":"http:\/\/sotranslations.com\/en\/wp-json\/wp\/v2\/users\/1"}],"replies":[{"embeddable":true,"href":"http:\/\/sotranslations.com\/en\/wp-json\/wp\/v2\/comments?post=419"}],"version-history":[{"count":5,"href":"http:\/\/sotranslations.com\/en\/wp-json\/wp\/v2\/pages\/419\/revisions"}],"predecessor-version":[{"id":885,"href":"http:\/\/sotranslations.com\/en\/wp-json\/wp\/v2\/pages\/419\/revisions\/885"}],"wp:attachment":[{"href":"http:\/\/sotranslations.com\/en\/wp-json\/wp\/v2\/media?parent=419"}],"curies":[{"name":"wp","href":"https:\/\/api.w.org\/{rel}","templated":true}]}}