{"id":514,"date":"2020-02-27T08:56:27","date_gmt":"2020-02-27T08:56:27","guid":{"rendered":"http:\/\/sotranslations.com\/?page_id=514"},"modified":"2021-07-27T17:29:23","modified_gmt":"2021-07-27T17:29:23","slug":"bize-ulasin","status":"publish","type":"page","link":"http:\/\/sotranslations.com\/en\/bize-ulasin","title":{"rendered":"Contact Us"},"content":{"rendered":"<div data-elementor-type=\"wp-page\" data-elementor-id=\"514\" class=\"elementor elementor-514\" data-elementor-settings=\"[]\">\n\t\t\t\t\t\t<div class=\"elementor-inner\">\n\t\t\t\t\t\t\t<div class=\"elementor-section-wrap\">\n\t\t\t\t\t\t\t<section class=\"elementor-section elementor-top-section elementor-element elementor-element-6bcb4a45 elementor-section-boxed elementor-section-height-default elementor-section-height-default\" data-id=\"6bcb4a45\" data-element_type=\"section\">\n\t\t\t\t\t\t<div class=\"elementor-container elementor-column-gap-no\">\n\t\t\t\t\t\t\t<div class=\"elementor-row\">\n\t\t\t\t\t<div class=\"elementor-column elementor-col-50 elementor-top-column elementor-element elementor-element-29ade21b\" data-id=\"29ade21b\" data-element_type=\"column\">\n\t\t\t<div class=\"elementor-column-wrap elementor-element-populated\">\n\t\t\t\t\t\t\t<div class=\"elementor-widget-wrap\">\n\t\t\t\t\t\t<div class=\"elementor-element elementor-element-7072c647 elementor-widget elementor-widget-google_maps\" data-id=\"7072c647\" data-element_type=\"widget\" data-widget_type=\"google_maps.default\">\n\t\t\t\t<div class=\"elementor-widget-container\">\n\t\t\t<div class=\"elementor-custom-embed\"><iframe frameborder=\"0\" scrolling=\"no\" marginheight=\"0\" marginwidth=\"0\" src=\"https:\/\/maps.google.com\/maps?q=Ekber%20Sk.%20Suadiye%2034740%20Kad%C4%B1k%C3%B6y%2F%C4%B0stanbul&amp;t=m&amp;z=10&amp;output=embed&amp;iwloc=near\" title=\"Ekber Sk. Suadiye 34740 Kad\u0131k\u00f6y\/\u0130stanbul\" aria-label=\"Ekber Sk. Suadiye 34740 Kad\u0131k\u00f6y\/\u0130stanbul\"><\/iframe><\/div>\t\t<\/div>\n\t\t\t\t<\/div>\n\t\t\t\t\t\t<\/div>\n\t\t\t\t\t<\/div>\n\t\t<\/div>\n\t\t\t\t<div class=\"elementor-column elementor-col-50 elementor-top-column elementor-element elementor-element-6ef73bb6\" data-id=\"6ef73bb6\" data-element_type=\"column\" data-settings=\"{&quot;background_background&quot;:&quot;classic&quot;}\">\n\t\t\t<div class=\"elementor-column-wrap elementor-element-populated\">\n\t\t\t\t\t\t\t<div class=\"elementor-widget-wrap\">\n\t\t\t\t\t\t<div class=\"elementor-element elementor-element-36086cfb elementor-widget elementor-widget-heading\" data-id=\"36086cfb\" data-element_type=\"widget\" data-widget_type=\"heading.default\">\n\t\t\t\t<div class=\"elementor-widget-container\">\n\t\t\t<h2 class=\"elementor-heading-title elementor-size-default\">Contact<\/h2>\t\t<\/div>\n\t\t\t\t<\/div>\n\t\t\t\t<div class=\"elementor-element elementor-element-119bf8ab elementor-widget elementor-widget-text-editor\" data-id=\"119bf8ab\" data-element_type=\"widget\" data-widget_type=\"text-editor.default\">\n\t\t\t\t<div class=\"elementor-widget-container\">\n\t\t\t\t\t<div class=\"elementor-text-editor elementor-clearfix\"><div class=\"contact-info-item\"><h3 class=\"column-title no-border text-white\">Address<\/h3><p>SNG GRUP MEDYA A\u015e<\/p><p>SO TRANSLATIONS<\/p><p>Barbaros mah. Ihlamur Bulvar\u0131 Ag\u0306aog\u0306lu My Newwork No:3\/15 Atas\u0327ehir\/I\u0307stanbul<\/p><\/div><div class=\"contact-info-item\"><h3 class=\"column-title no-border text-white\">Phone<\/h3><p>+90\u00a0 532 562 81 26<\/p><p>+90 532 599 37 51<\/p><\/div><div class=\"contact-info-item\"><h3 class=\"column-title no-border text-white\">E-Mail<\/h3><p>info@snggroupmedia.com<\/p><\/div><\/div>\n\t\t\t\t<\/div>\n\t\t\t\t<\/div>\n\t\t\t\t\t\t<\/div>\n\t\t\t\t\t<\/div>\n\t\t<\/div>\n\t\t\t\t\t\t\t\t<\/div>\n\t\t\t\t\t<\/div>\n\t\t<\/section>\n\t\t\t\t<section class=\"elementor-section elementor-top-section elementor-element elementor-element-5b97005f elementor-section-boxed elementor-section-height-default elementor-section-height-default\" data-id=\"5b97005f\" data-element_type=\"section\">\n\t\t\t\t\t\t<div class=\"elementor-container elementor-column-gap-default\">\n\t\t\t\t\t\t\t<div class=\"elementor-row\">\n\t\t\t\t\t<div class=\"elementor-column elementor-col-50 elementor-top-column elementor-element elementor-element-6d82573e\" data-id=\"6d82573e\" data-element_type=\"column\">\n\t\t\t<div class=\"elementor-column-wrap elementor-element-populated\">\n\t\t\t\t\t\t\t<div class=\"elementor-widget-wrap\">\n\t\t\t\t\t\t<div class=\"elementor-element elementor-element-74fb36d elementor-widget elementor-widget-autrics-title\" data-id=\"74fb36d\" data-element_type=\"widget\" data-widget_type=\"autrics-title.default\">\n\t\t\t\t<div class=\"elementor-widget-container\">\n\t\t\t              <div class=\"title-section-area\">\n\t           <h2 class=\"section-title\">\n                  Send us a message\t\t\t   <\/h2>\n      <\/div><!-- Section title -->\t\t\n       \n      \n    \t\t<\/div>\n\t\t\t\t<\/div>\n\t\t\t\t<div class=\"elementor-element elementor-element-7fc5af27 elementor-widget elementor-widget-shortcode\" data-id=\"7fc5af27\" data-element_type=\"widget\" data-widget_type=\"shortcode.default\">\n\t\t\t\t<div class=\"elementor-widget-container\">\n\t\t\t\t\t<div class=\"elementor-shortcode\"><div role=\"form\" class=\"wpcf7\" id=\"wpcf7-f527-o1\" lang=\"en-US\" dir=\"ltr\">\n<div class=\"screen-reader-response\"><p role=\"status\" aria-live=\"polite\" aria-atomic=\"true\"><\/p> <ul><\/ul><\/div>\n<form action=\"\/en\/wp-json\/wp\/v2\/pages\/514#wpcf7-f527-o1\" method=\"post\" class=\"wpcf7-form init\" novalidate=\"novalidate\" data-status=\"init\" data-trp-original-action=\"\/en\/wp-json\/wp\/v2\/pages\/514#wpcf7-f527-o1\">\n<div style=\"display: none;\">\n<input type=\"hidden\" name=\"_wpcf7\" value=\"527\" \/>\n<input type=\"hidden\" name=\"_wpcf7_version\" value=\"5.3\" \/>\n<input type=\"hidden\" name=\"_wpcf7_locale\" value=\"en_US\" \/>\n<input type=\"hidden\" name=\"_wpcf7_unit_tag\" value=\"wpcf7-f527-o1\" \/>\n<input type=\"hidden\" name=\"_wpcf7_container_post\" value=\"0\" \/>\n<input type=\"hidden\" name=\"_wpcf7_posted_data_hash\" value=\"\" \/>\n<\/div>\n<div class=\"contact-us\">\n<div class=\"contactMe ts-main-form\">\n<div class=\"form-row\">\n<div class=\"col-lg-6\">\n                           <span class=\"wpcf7-form-control-wrap text-255\"><input type=\"text\" name=\"text-255\" value=\"\" size=\"40\" class=\"wpcf7-form-control wpcf7-text field\" aria-invalid=\"false\" placeholder=\"Name\" \/><\/span>\n                              <\/div>\n<div class=\"col-lg-6\">\n                               <span class=\"wpcf7-form-control-wrap tel-348\"><input type=\"tel\" name=\"tel-348\" value=\"\" size=\"40\" class=\"wpcf7-form-control wpcf7-text wpcf7-tel wpcf7-validates-as-required wpcf7-validates-as-tel field\" aria-required=\"true\" aria-invalid=\"false\" placeholder=\"Phone\" \/><\/span>\n                              <\/div>\n<\/p><\/div>\n<div class=\"form-row\">\n<div class=\"col-md-6\">\n            <span class=\"wpcf7-form-control-wrap email-540\"><input type=\"email\" name=\"email-540\" value=\"\" size=\"40\" class=\"wpcf7-form-control wpcf7-text wpcf7-email wpcf7-validates-as-required wpcf7-validates-as-email field\" aria-required=\"true\" aria-invalid=\"false\" placeholder=\"Email\" \/><\/span>\n            <\/div>\n<div class=\"col-md-6 select-item\">\n                      <span class=\"wpcf7-form-control-wrap menu-465\"><select name=\"menu-465\" class=\"wpcf7-form-control wpcf7-select field\" aria-invalid=\"false\"><option value=\"Hangi Hizmet\">Service<\/option><option value=\"Akademik Okuma\">Academic Reading<\/option><option value=\"Akademik \u00c7eviri\">Academic Translation<\/option><option value=\"Hukuk \u00c7evirisi\">Legal Translation<\/option><option value=\"Konu\u015farak \u00d6\u011frenme\">Learn By Speaking<\/option><option value=\"Kurumsal \u00c7eviri\">Corporate Translation<\/option><option value=\"Resmi Belge \u00c7evirisi\">Official Document Translation<\/option><option value=\"\u0130nternet Sitesi \u00c7evirisi\">Website Translation<\/option><option value=\"Teknik \u00c7eviri\">Technical Translation<\/option><option value=\"T\u0131p \u00c7evirisi\">Medical Translation<\/option><\/select><\/span>\n              <\/div>\n<\/p><\/div>\n<div class=\"form-row\">\n<div class=\"col-md-12\">\n<span class=\"wpcf7-form-control-wrap textarea-406\"><textarea name=\"textarea-406\" cols=\"40\" rows=\"10\" class=\"wpcf7-form-control wpcf7-textarea wpcf7-validates-as-required field\" aria-required=\"true\" aria-invalid=\"false\" placeholder=\"Message\"><\/textarea><\/span>\n    <\/div>\n<\/p><\/div>\n<div class=\"btn-after pull-right\">\n<input type=\"submit\" value=\"Send\" class=\"wpcf7-form-control wpcf7-submit btn btn-classic\" \/>\n<\/div>\n<div class=\"clearfix\"><\/div>\n<\/div>\n<\/div>\n<div class=\"wpcf7-response-output\" aria-hidden=\"true\"><\/div><input type=\"hidden\" name=\"trp-form-language\" value=\"en\"\/><\/form><\/div><\/div>\n\t\t\t\t<\/div>\n\t\t\t\t<\/div>\n\t\t\t\t\t\t<\/div>\n\t\t\t\t\t<\/div>\n\t\t<\/div>\n\t\t\t\t<div class=\"elementor-column elementor-col-50 elementor-top-column elementor-element elementor-element-a2c272d\" data-id=\"a2c272d\" data-element_type=\"column\">\n\t\t\t<div class=\"elementor-column-wrap elementor-element-populated\">\n\t\t\t\t\t\t\t<div class=\"elementor-widget-wrap\">\n\t\t\t\t\t\t<section class=\"elementor-section elementor-inner-section elementor-element elementor-element-568e186c elementor-section-boxed elementor-section-height-default elementor-section-height-default\" data-id=\"568e186c\" data-element_type=\"section\">\n\t\t\t\t\t\t<div class=\"elementor-container elementor-column-gap-default\">\n\t\t\t\t\t\t\t<div class=\"elementor-row\">\n\t\t\t\t\t<div class=\"elementor-column elementor-col-100 elementor-inner-column elementor-element elementor-element-61e5cb9f\" data-id=\"61e5cb9f\" data-element_type=\"column\">\n\t\t\t<div class=\"elementor-column-wrap elementor-element-populated\">\n\t\t\t\t\t\t\t<div class=\"elementor-widget-wrap\">\n\t\t\t\t\t\t<div class=\"elementor-element elementor-element-13eacdde elementor-widget elementor-widget-autrics-title\" data-id=\"13eacdde\" data-element_type=\"widget\" data-widget_type=\"autrics-title.default\">\n\t\t\t\t<div class=\"elementor-widget-container\">\n\t\t\t               <div class=\"title-section-area title-border-none\">\n            <h3 class=\"section-title\"> \n               <span>Working<\/span> Hours            <\/h3>\n         <\/div><!-- Section title -->\t\t\n     \n      \n    \t\t<\/div>\n\t\t\t\t<\/div>\n\t\t\t\t<div class=\"elementor-element elementor-element-765526ce weeklay-schedule elementor-widget elementor-widget-autrics-intro-contact\" data-id=\"765526ce\" data-element_type=\"widget\" data-widget_type=\"autrics-intro-contact.default\">\n\t\t\t\t<div class=\"elementor-widget-container\">\n\t\t\t      <div class=\"ts-intro-wrapper ts-intro-contact-list\">\n         <div class=\"intro-content\">\n               <ul>\n                                         <li>\n                        <span> Mon-Sat <\/span>\n                        <p class=\"intro-info\"> 09:00 - 17:00<\/p>\n                     <\/li>\n                               <\/ul><!-- Ul List -->\n         <\/div>\n                  <i class=\"icon icon-tie\"><\/i>\n               <\/div>\n \n   \t\t<\/div>\n\t\t\t\t<\/div>\n\t\t\t\t\t\t<\/div>\n\t\t\t\t\t<\/div>\n\t\t<\/div>\n\t\t\t\t\t\t\t\t<\/div>\n\t\t\t\t\t<\/div>\n\t\t<\/section>\n\t\t\t\t\t\t<\/div>\n\t\t\t\t\t<\/div>\n\t\t<\/div>\n\t\t\t\t\t\t\t\t<\/div>\n\t\t\t\t\t<\/div>\n\t\t<\/section>\n\t\t\t\t\t\t<\/div>\n\t\t\t\t\t\t<\/div>\n\t\t\t\t\t<\/div>","protected":false},"excerpt":{"rendered":"<p>\u0130leti\u015fim Adres SNG GRUP MEDYA A\u015e SO TRANSLATIONS Barbaros mah. Ihlamur Bulvar\u0131 Ag\u0306aog\u0306lu My Newwork No:3\/15 Atas\u0327ehir\/I\u0307stanbul Telefon +90\u00a0 532 562 81 26 +90 532 599 37 51 Mail Adresimiz info@snggroupmedia.com Bize mesaj g\u00f6nderin \u00c7al\u0131\u015fma Saatlerimiz Pzt-Cts 09:00 &#8211; 17:00<\/p>","protected":false},"author":1,"featured_media":0,"parent":0,"menu_order":0,"comment_status":"closed","ping_status":"closed","template":"template\/full-width-template.php","meta":[],"_links":{"self":[{"href":"http:\/\/sotranslations.com\/en\/wp-json\/wp\/v2\/pages\/514"}],"collection":[{"href":"http:\/\/sotranslations.com\/en\/wp-json\/wp\/v2\/pages"}],"about":[{"href":"http:\/\/sotranslations.com\/en\/wp-json\/wp\/v2\/types\/page"}],"author":[{"embeddable":true,"href":"http:\/\/sotranslations.com\/en\/wp-json\/wp\/v2\/users\/1"}],"replies":[{"embeddable":true,"href":"http:\/\/sotranslations.com\/en\/wp-json\/wp\/v2\/comments?post=514"}],"version-history":[{"count":9,"href":"http:\/\/sotranslations.com\/en\/wp-json\/wp\/v2\/pages\/514\/revisions"}],"predecessor-version":[{"id":1089,"href":"http:\/\/sotranslations.com\/en\/wp-json\/wp\/v2\/pages\/514\/revisions\/1089"}],"wp:attachment":[{"href":"http:\/\/sotranslations.com\/en\/wp-json\/wp\/v2\/media?parent=514"}],"curies":[{"name":"wp","href":"https:\/\/api.w.org\/{rel}","templated":true}]}}